{"id":29983,"date":"2024-11-25T15:36:22","date_gmt":"2024-11-25T15:36:22","guid":{"rendered":"https:\/\/alexissanchez.net\/?page_id=29983"},"modified":"2024-11-28T09:04:32","modified_gmt":"2024-11-28T09:04:32","slug":"accesibilidad","status":"publish","type":"page","link":"https:\/\/alexissanchez.net\/en\/accesibilidad\/","title":{"rendered":"Accesibilidad"},"content":{"rendered":"<div data-elementor-type=\"wp-page\" data-elementor-id=\"29983\" class=\"elementor elementor-29983\">\n\t\t\t\t\t\t<section class=\"elementor-section elementor-top-section elementor-element elementor-element-2643a853 elementor-section-boxed elementor-section-height-default elementor-section-height-default sc_fly_static\" data-id=\"2643a853\" data-element_type=\"section\" data-e-type=\"section\">\n\t\t\t\t\t\t\t<div class=\"elementor-background-overlay\"><\/div>\n\t\t\t\t\t\t\t<div class=\"elementor-container elementor-column-gap-extended\">\n\t\t\t\t\t<div class=\"elementor-column elementor-col-100 elementor-top-column elementor-element elementor-element-192280bc sc_content_align_inherit sc_layouts_column_icons_position_left sc_fly_static\" data-id=\"192280bc\" data-element_type=\"column\" data-e-type=\"column\">\n\t\t\t<div class=\"elementor-widget-wrap elementor-element-populated\">\n\t\t\t\t\t\t<div class=\"elementor-element elementor-element-6e34bac5 sc_height_huge sc_fly_static elementor-widget elementor-widget-spacer\" data-id=\"6e34bac5\" data-element_type=\"widget\" data-e-type=\"widget\" data-widget_type=\"spacer.default\">\n\t\t\t\t<div class=\"elementor-widget-container\">\n\t\t\t\t\t\t\t<div class=\"elementor-spacer\">\n\t\t\t<div class=\"elementor-spacer-inner\"><\/div>\n\t\t<\/div>\n\t\t\t\t\t\t<\/div>\n\t\t\t\t<\/div>\n\t\t\t\t<div class=\"elementor-element elementor-element-aa7daac sc_fly_static elementor-widget elementor-widget-spacer\" data-id=\"aa7daac\" data-element_type=\"widget\" data-e-type=\"widget\" data-widget_type=\"spacer.default\">\n\t\t\t\t<div class=\"elementor-widget-container\">\n\t\t\t\t\t\t\t<div class=\"elementor-spacer\">\n\t\t\t<div class=\"elementor-spacer-inner\"><\/div>\n\t\t<\/div>\n\t\t\t\t\t\t<\/div>\n\t\t\t\t<\/div>\n\t\t\t\t<section class=\"elementor-section elementor-inner-section elementor-element elementor-element-7ab59bee elementor-section-boxed elementor-section-height-default elementor-section-height-default sc_fly_static\" data-id=\"7ab59bee\" data-element_type=\"section\" data-e-type=\"section\">\n\t\t\t\t\t\t<div class=\"elementor-container elementor-column-gap-no\">\n\t\t\t\t\t<div class=\"elementor-column elementor-col-100 elementor-inner-column elementor-element elementor-element-1776514 sc_content_align_inherit sc_layouts_column_icons_position_left sc_fly_static\" data-id=\"1776514\" data-element_type=\"column\" data-e-type=\"column\">\n\t\t\t<div class=\"elementor-widget-wrap elementor-element-populated\">\n\t\t\t\t\t\t<div class=\"elementor-element elementor-element-3c162d68 sc_layouts_hide_on_mobile sc_fly_static elementor-widget elementor-widget-spacer\" data-id=\"3c162d68\" data-element_type=\"widget\" data-e-type=\"widget\" data-widget_type=\"spacer.default\">\n\t\t\t\t<div class=\"elementor-widget-container\">\n\t\t\t\t\t\t\t<div class=\"elementor-spacer\">\n\t\t\t<div class=\"elementor-spacer-inner\"><\/div>\n\t\t<\/div>\n\t\t\t\t\t\t<\/div>\n\t\t\t\t<\/div>\n\t\t\t\t\t<\/div>\n\t\t<\/div>\n\t\t\t\t\t<\/div>\n\t\t<\/section>\n\t\t\t\t<div class=\"elementor-element elementor-element-d3b5436 sc_fly_static elementor-widget elementor-widget-text-editor\" data-id=\"d3b5436\" data-element_type=\"widget\" data-e-type=\"widget\" data-widget_type=\"text-editor.default\">\n\t\t\t\t<div class=\"elementor-widget-container\">\n\t\t\t\t\t\t\t\t\t<p><strong>Alexis Alejandro S\u00e1nchez Ochoa <\/strong>se ha comprometido a hacer accesible su sitio web de conformidad con el\u00a0<strong><a role=\"link\" href=\"https:\/\/www.boe.es\/diario_boe\/txt.php?id=BOE-A-2018-12699\" target=\"_blank\" rel=\"noopener nofollow\">Real Decreto 1112\/2018, de 7 de septiembre, sobre accesibilidad de los sitios web y aplicaciones para dispositivos m\u00f3viles del sector p\u00fablico.<\/a><\/strong><\/p><p>La presente declaraci\u00f3n de accesibilidad se aplica al sitio web <a href=\"https:\/\/alexissanchez.net.\">https:\/\/alexissanchez.net.<\/a><\/p><p>Situaci\u00f3n de cumplimiento<br \/>Este sitio web es parcialmente conforme con el RD 1112\/2018 debido a las excepciones y la falta de conformidad de los aspectos que se detallan a continuaci\u00f3n.<\/p><p>Contenido no accesible<br \/>El contenido que se detalla a continuaci\u00f3n no es accesible por las siguientes razones:<\/p><p>a. Falta de conformidad con el RD 1112\/2018:<\/p><p>Existen mensajes de error poco descriptivos o que no est\u00e1n agrupados en un \u00fanico mensaje, as\u00ed como falta de sugerencias en formularios para rellenar correctamente los campos requeridos. (Requisito 9.3.3.1 \u00abIdentificaci\u00f3n de errores\u00bb, de UNE-EN 301549:2022).<br \/>En algunos campos de formularios, se informa del error al introducir un valor incorrecto, pero no se ofrecen sugerencias para su correcci\u00f3n. (Requisito 9.3.3.3 \u00abSugerencias ante errores\u00bb, de UNE-EN 301549:2022).<br \/>Podr\u00edan existir fallos puntuales de edici\u00f3n en alguna p\u00e1gina web.<br \/>b. Carga desproporcionada:<br \/>No aplica.<\/p><p>c. Contenidos fuera del \u00e1mbito de la legislaci\u00f3n aplicable:<br \/>No aplica.<\/p><p>Preparaci\u00f3n de esta declaraci\u00f3n de accesibilidad<br \/>Fecha de preparaci\u00f3n: 25 de noviembre de 2024.<br \/>M\u00e9todo empleado: Autoevaluaci\u00f3n llevada a cabo por el responsable del sitio web.<br \/>\u00daltima revisi\u00f3n: 25 de noviembre de 2024.<br \/>Observaciones y datos de contacto<br \/>Puede realizar comunicaciones sobre requisitos de accesibilidad (art\u00edculo 10.2.a del RD 1112\/2018) para:<\/p><p>Informar sobre cualquier posible incumplimiento por parte de este sitio web.<br \/>Transmitir dificultades de acceso al contenido.<br \/>Formular cualquier otra consulta o sugerencia de mejora relativa a la accesibilidad del sitio web.<br \/>Para ello, puede contactar a trav\u00e9s de:<\/p><p>Tel\u00e9fono: 682 45 89 31<br \/>Correo electr\u00f3nico: aasanchez@gmail.com<br \/>Tambi\u00e9n puede presentar:<\/p><p>Una queja relativa al cumplimiento de los requisitos del RD 1112\/2018.<br \/>Una solicitud de informaci\u00f3n accesible sobre:<br \/>Contenidos excluidos del \u00e1mbito de aplicaci\u00f3n del RD 1112\/2018 seg\u00fan el art\u00edculo 3, apartado 4.<br \/>Contenidos exentos del cumplimiento de los requisitos de accesibilidad por imponer una carga desproporcionada.<br \/>En estas solicitudes, deber\u00e1 especificar con claridad los hechos, razones y peticiones para constatar que se trata de una solicitud razonable y leg\u00edtima.<\/p><p>Procedimiento de aplicaci\u00f3n<br \/>A trav\u00e9s de este procedimiento puede:<\/p><p>Conocer y oponerse a los motivos de la desestimaci\u00f3n de una solicitud de informaci\u00f3n accesible o queja.<br \/>Solicitar la adopci\u00f3n de medidas oportunas si no est\u00e1 de acuerdo con la decisi\u00f3n tomada.<br \/>Exponer razones por las que considera que la respuesta no cumple con los requisitos exigidos.<br \/>Contenido opcional<br \/>El sitio web est\u00e1 optimizado para:<\/p><p>Navegadores como Microsoft Internet Explorer 8.0 o versiones superiores, y las \u00faltimas versiones de Firefox, Safari, Opera y Google Chrome.<br \/>Resoluci\u00f3n m\u00ednima recomendada: 1280\u00d71024.<br \/>El dise\u00f1o es responsive, adapt\u00e1ndose de forma \u00f3ptima a tabletas y dispositivos m\u00f3viles. Est\u00e1 optimizado para navegadores como Chrome for mobile, Firefox for mobile, Safari mobile, Opera Mini y el navegador nativo de Android.<\/p>\t\t\t\t\t\t\t\t<\/div>\n\t\t\t\t<\/div>\n\t\t\t\t<div class=\"elementor-element elementor-element-650bb879 sc_height_huge sc_fly_static elementor-widget elementor-widget-spacer\" data-id=\"650bb879\" data-element_type=\"widget\" data-e-type=\"widget\" data-widget_type=\"spacer.default\">\n\t\t\t\t<div class=\"elementor-widget-container\">\n\t\t\t\t\t\t\t<div class=\"elementor-spacer\">\n\t\t\t<div class=\"elementor-spacer-inner\"><\/div>\n\t\t<\/div>\n\t\t\t\t\t\t<\/div>\n\t\t\t\t<\/div>\n\t\t\t\t<div class=\"elementor-element elementor-element-c2a4b1e sc_fly_static elementor-widget elementor-widget-spacer\" data-id=\"c2a4b1e\" data-element_type=\"widget\" data-e-type=\"widget\" data-widget_type=\"spacer.default\">\n\t\t\t\t<div class=\"elementor-widget-container\">\n\t\t\t\t\t\t\t<div class=\"elementor-spacer\">\n\t\t\t<div class=\"elementor-spacer-inner\"><\/div>\n\t\t<\/div>\n\t\t\t\t\t\t<\/div>\n\t\t\t\t<\/div>\n\t\t\t\t\t<\/div>\n\t\t<\/div>\n\t\t\t\t\t<\/div>\n\t\t<\/section>\n\t\t\t\t<\/div>","protected":false},"excerpt":{"rendered":"<p>Alexis Alejandro S\u00e1nchez Ochoa se ha comprometido a hacer accesible su sitio web de conformidad con el\u00a0Real Decreto 1112\/2018, de 7 de septiembre, sobre accesibilidad de los sitios web y&hellip;<\/p>","protected":false},"author":1,"featured_media":0,"parent":0,"menu_order":0,"comment_status":"closed","ping_status":"closed","template":"","meta":{"footnotes":""},"class_list":["post-29983","page","type-page","status-publish","hentry"],"_links":{"self":[{"href":"https:\/\/alexissanchez.net\/en\/wp-json\/wp\/v2\/pages\/29983","targetHints":{"allow":["GET"]}}],"collection":[{"href":"https:\/\/alexissanchez.net\/en\/wp-json\/wp\/v2\/pages"}],"about":[{"href":"https:\/\/alexissanchez.net\/en\/wp-json\/wp\/v2\/types\/page"}],"author":[{"embeddable":true,"href":"https:\/\/alexissanchez.net\/en\/wp-json\/wp\/v2\/users\/1"}],"replies":[{"embeddable":true,"href":"https:\/\/alexissanchez.net\/en\/wp-json\/wp\/v2\/comments?post=29983"}],"version-history":[{"count":4,"href":"https:\/\/alexissanchez.net\/en\/wp-json\/wp\/v2\/pages\/29983\/revisions"}],"predecessor-version":[{"id":29987,"href":"https:\/\/alexissanchez.net\/en\/wp-json\/wp\/v2\/pages\/29983\/revisions\/29987"}],"wp:attachment":[{"href":"https:\/\/alexissanchez.net\/en\/wp-json\/wp\/v2\/media?parent=29983"}],"curies":[{"name":"wp","href":"https:\/\/api.w.org\/{rel}","templated":true}]}}