{"id":29978,"date":"2024-11-25T15:33:57","date_gmt":"2024-11-25T15:33:57","guid":{"rendered":"https:\/\/alexissanchez.net\/?page_id=29978"},"modified":"2024-11-25T15:50:42","modified_gmt":"2024-11-25T15:50:42","slug":"politica-de-cookies","status":"publish","type":"page","link":"https:\/\/alexissanchez.net\/en\/politica-de-cookies\/","title":{"rendered":"Pol\u00edtica de cookies"},"content":{"rendered":"<div data-elementor-type=\"wp-page\" data-elementor-id=\"29978\" class=\"elementor elementor-29978\">\n\t\t\t\t\t\t<section class=\"elementor-section elementor-top-section elementor-element elementor-element-2643a853 elementor-section-boxed elementor-section-height-default elementor-section-height-default sc_fly_static\" data-id=\"2643a853\" data-element_type=\"section\" data-e-type=\"section\">\n\t\t\t\t\t\t\t<div class=\"elementor-background-overlay\"><\/div>\n\t\t\t\t\t\t\t<div class=\"elementor-container elementor-column-gap-extended\">\n\t\t\t\t\t<div class=\"elementor-column elementor-col-100 elementor-top-column elementor-element elementor-element-192280bc sc_content_align_inherit sc_layouts_column_icons_position_left sc_fly_static\" data-id=\"192280bc\" data-element_type=\"column\" data-e-type=\"column\">\n\t\t\t<div class=\"elementor-widget-wrap elementor-element-populated\">\n\t\t\t\t\t\t<div class=\"elementor-element elementor-element-6e34bac5 sc_height_huge sc_fly_static elementor-widget elementor-widget-spacer\" data-id=\"6e34bac5\" data-element_type=\"widget\" data-e-type=\"widget\" data-widget_type=\"spacer.default\">\n\t\t\t\t<div class=\"elementor-widget-container\">\n\t\t\t\t\t\t\t<div class=\"elementor-spacer\">\n\t\t\t<div class=\"elementor-spacer-inner\"><\/div>\n\t\t<\/div>\n\t\t\t\t\t\t<\/div>\n\t\t\t\t<\/div>\n\t\t\t\t<div class=\"elementor-element elementor-element-aa7daac sc_fly_static elementor-widget elementor-widget-spacer\" data-id=\"aa7daac\" data-element_type=\"widget\" data-e-type=\"widget\" data-widget_type=\"spacer.default\">\n\t\t\t\t<div class=\"elementor-widget-container\">\n\t\t\t\t\t\t\t<div class=\"elementor-spacer\">\n\t\t\t<div class=\"elementor-spacer-inner\"><\/div>\n\t\t<\/div>\n\t\t\t\t\t\t<\/div>\n\t\t\t\t<\/div>\n\t\t\t\t<section class=\"elementor-section elementor-inner-section elementor-element elementor-element-7ab59bee elementor-section-boxed elementor-section-height-default elementor-section-height-default sc_fly_static\" data-id=\"7ab59bee\" data-element_type=\"section\" data-e-type=\"section\">\n\t\t\t\t\t\t<div class=\"elementor-container elementor-column-gap-no\">\n\t\t\t\t\t<div class=\"elementor-column elementor-col-100 elementor-inner-column elementor-element elementor-element-1776514 sc_content_align_inherit sc_layouts_column_icons_position_left sc_fly_static\" data-id=\"1776514\" data-element_type=\"column\" data-e-type=\"column\">\n\t\t\t<div class=\"elementor-widget-wrap elementor-element-populated\">\n\t\t\t\t\t\t<div class=\"elementor-element elementor-element-3c162d68 sc_layouts_hide_on_mobile sc_fly_static elementor-widget elementor-widget-spacer\" data-id=\"3c162d68\" data-element_type=\"widget\" data-e-type=\"widget\" data-widget_type=\"spacer.default\">\n\t\t\t\t<div class=\"elementor-widget-container\">\n\t\t\t\t\t\t\t<div class=\"elementor-spacer\">\n\t\t\t<div class=\"elementor-spacer-inner\"><\/div>\n\t\t<\/div>\n\t\t\t\t\t\t<\/div>\n\t\t\t\t<\/div>\n\t\t\t\t\t<\/div>\n\t\t<\/div>\n\t\t\t\t\t<\/div>\n\t\t<\/section>\n\t\t\t\t<div class=\"elementor-element elementor-element-d3b5436 sc_fly_static elementor-widget elementor-widget-text-editor\" data-id=\"d3b5436\" data-element_type=\"widget\" data-e-type=\"widget\" data-widget_type=\"text-editor.default\">\n\t\t\t\t<div class=\"elementor-widget-container\">\n\t\t\t\t\t\t\t\t\t<p><strong>\u00bfQu\u00e9 es una cookie?<\/strong><\/p><p>Una cookie es un archivo que se descarga en su dispositivo al acceder a ciertas p\u00e1ginas web. Estas permiten, entre otras cosas, almacenar y recuperar informaci\u00f3n sobre los h\u00e1bitos de navegaci\u00f3n de un usuario\/a o de su equipo. Seg\u00fan su configuraci\u00f3n, tambi\u00e9n pueden ser utilizadas para reconocer al usuario\/a.<\/p><p>El navegador almacena cookies en el disco duro durante la sesi\u00f3n activa, ocupando un espacio m\u00ednimo y sin afectar al funcionamiento del equipo. Estas cookies no contienen informaci\u00f3n personal espec\u00edfica y, en su mayor\u00eda, se eliminan al finalizar la sesi\u00f3n de navegador (cookies de sesi\u00f3n).<\/p><p>La mayor\u00eda de los navegadores aceptan cookies por defecto, pero el usuario puede configurar su navegador para aceptarlas, bloquearlas o eliminarlas seg\u00fan prefiera. Sin su consentimiento expl\u00edcito \u2014mediante la activaci\u00f3n de las cookies en su navegador\u2014, <strong>Alexis Alejandro S\u00e1nchez Ochoa<\/strong> no asociar\u00e1 las cookies con los datos personales proporcionados.<\/p><p><strong>\u00bfQu\u00e9 tipos de cookies utiliza esta p\u00e1gina web?<\/strong><\/p><ol><li><p><strong>Cookies t\u00e9cnicas:<\/strong><br \/>Permiten al usuario\/a navegar y utilizar las diferentes funciones del sitio, como el control de tr\u00e1fico, la identificaci\u00f3n de sesiones, el acceso a \u00e1reas restringidas, el almacenamiento de elementos de un pedido, o el uso de elementos de seguridad.<\/p><\/li><li><p><strong>Cookies de personalizaci\u00f3n:<\/strong><br \/>Estas cookies permiten al usuario\/a acceder al servicio con configuraciones espec\u00edficas basadas en el dispositivo, como el idioma, tipo de navegador o ubicaci\u00f3n desde la que accede.<\/p><\/li><li><p><strong>Cookies de an\u00e1lisis:<\/strong><br \/>Utilizadas para cuantificar el n\u00famero de usuarios y analizar su navegaci\u00f3n, estas cookies ayudan a mejorar la oferta de productos y servicios.<\/p><\/li><li><p><strong>Cookies publicitarias:<\/strong><br \/>Gestionan de manera eficaz los espacios publicitarios de la web, adaptando el contenido mostrado al uso del sitio realizado por el usuario\/a.<\/p><\/li><li><p><strong>Cookies de publicidad comportamental:<\/strong><br \/>Estas almacenan informaci\u00f3n sobre los h\u00e1bitos de navegaci\u00f3n del usuario\/a para mostrarle publicidad personalizada.<\/p><\/li><li><p><strong>Cookies de terceros:<\/strong><br \/>La web puede utilizar servicios de terceros que recopilan informaci\u00f3n con fines estad\u00edsticos o para ofrecer otros servicios relacionados con su actividad.<\/p><p>Por ejemplo, se utiliza <strong>Google Analytics<\/strong>, un servicio de an\u00e1lisis web proporcionado por Google, Inc. (1600 Amphitheatre Parkway, Mountain View, California, EE.UU.). Google Analytics recopila informaci\u00f3n, incluida la direcci\u00f3n IP del usuario, y puede compartirla con terceros cuando sea legalmente obligatorio o cuando estos procesen la informaci\u00f3n en nombre de Google.<\/p><\/li><\/ol><p><strong>Aceptaci\u00f3n del uso de cookies<\/strong><\/p><p>Al utilizar este sitio web, el usuario\/a acepta expresamente el tratamiento de la informaci\u00f3n recabada de la manera y con los fines descritos. Tambi\u00e9n reconoce la posibilidad de rechazar el uso de cookies mediante la configuraci\u00f3n adecuada de su navegador, lo que podr\u00eda limitar el acceso a algunas funcionalidades del sitio.<\/p><p><strong>Configuraci\u00f3n de cookies en su navegador<\/strong><\/p><p>Puede permitir, bloquear o eliminar las cookies instaladas en su equipo mediante la configuraci\u00f3n del navegador. A continuaci\u00f3n, se indican enlaces con instrucciones para los navegadores m\u00e1s comunes:<\/p><ul><li><p><strong><a target=\"_new\" rel=\"noopener\">Chrome<\/a><\/strong><\/p><\/li><li><p><strong><a href=\"https:\/\/support.microsoft.com\/es-es\/help\/17442\/windows-internet-explorer-delete-manage-cookies\" target=\"_new\" rel=\"noopener\">Internet Explorer<\/a><\/strong><\/p><\/li><li><p><strong><a href=\"https:\/\/support.mozilla.org\/es\/kb\/habilitar-y-deshabilitar-cookies-sitios-web-rastrear-preferencias\" target=\"_new\" rel=\"noopener\">Firefox<\/a><\/strong><\/p><\/li><li><p><strong><a href=\"https:\/\/support.apple.com\/es-es\/guide\/safari\/sfri11471\/mac\" target=\"_new\" rel=\"noopener\">Safari<\/a><\/strong><\/p><\/li><\/ul>\t\t\t\t\t\t\t\t<\/div>\n\t\t\t\t<\/div>\n\t\t\t\t<div class=\"elementor-element elementor-element-650bb879 sc_height_huge sc_fly_static elementor-widget elementor-widget-spacer\" data-id=\"650bb879\" data-element_type=\"widget\" data-e-type=\"widget\" data-widget_type=\"spacer.default\">\n\t\t\t\t<div class=\"elementor-widget-container\">\n\t\t\t\t\t\t\t<div class=\"elementor-spacer\">\n\t\t\t<div class=\"elementor-spacer-inner\"><\/div>\n\t\t<\/div>\n\t\t\t\t\t\t<\/div>\n\t\t\t\t<\/div>\n\t\t\t\t<div class=\"elementor-element elementor-element-c2a4b1e sc_fly_static elementor-widget elementor-widget-spacer\" data-id=\"c2a4b1e\" data-element_type=\"widget\" data-e-type=\"widget\" data-widget_type=\"spacer.default\">\n\t\t\t\t<div class=\"elementor-widget-container\">\n\t\t\t\t\t\t\t<div class=\"elementor-spacer\">\n\t\t\t<div class=\"elementor-spacer-inner\"><\/div>\n\t\t<\/div>\n\t\t\t\t\t\t<\/div>\n\t\t\t\t<\/div>\n\t\t\t\t\t<\/div>\n\t\t<\/div>\n\t\t\t\t\t<\/div>\n\t\t<\/section>\n\t\t\t\t<\/div>","protected":false},"excerpt":{"rendered":"<p>\u00bfQu\u00e9 es una cookie? Una cookie es un archivo que se descarga en su dispositivo al acceder a ciertas p\u00e1ginas web. Estas permiten, entre otras cosas, almacenar y recuperar informaci\u00f3n&hellip;<\/p>","protected":false},"author":1,"featured_media":0,"parent":0,"menu_order":0,"comment_status":"closed","ping_status":"closed","template":"","meta":{"footnotes":""},"class_list":["post-29978","page","type-page","status-publish","hentry"],"_links":{"self":[{"href":"https:\/\/alexissanchez.net\/en\/wp-json\/wp\/v2\/pages\/29978","targetHints":{"allow":["GET"]}}],"collection":[{"href":"https:\/\/alexissanchez.net\/en\/wp-json\/wp\/v2\/pages"}],"about":[{"href":"https:\/\/alexissanchez.net\/en\/wp-json\/wp\/v2\/types\/page"}],"author":[{"embeddable":true,"href":"https:\/\/alexissanchez.net\/en\/wp-json\/wp\/v2\/users\/1"}],"replies":[{"embeddable":true,"href":"https:\/\/alexissanchez.net\/en\/wp-json\/wp\/v2\/comments?post=29978"}],"version-history":[{"count":7,"href":"https:\/\/alexissanchez.net\/en\/wp-json\/wp\/v2\/pages\/29978\/revisions"}],"predecessor-version":[{"id":29990,"href":"https:\/\/alexissanchez.net\/en\/wp-json\/wp\/v2\/pages\/29978\/revisions\/29990"}],"wp:attachment":[{"href":"https:\/\/alexissanchez.net\/en\/wp-json\/wp\/v2\/media?parent=29978"}],"curies":[{"name":"wp","href":"https:\/\/api.w.org\/{rel}","templated":true}]}}