{"id":29973,"date":"2024-11-25T15:30:46","date_gmt":"2024-11-25T15:30:46","guid":{"rendered":"https:\/\/alexissanchez.net\/?page_id=29973"},"modified":"2024-11-25T15:50:53","modified_gmt":"2024-11-25T15:50:53","slug":"politica-de-privacidad","status":"publish","type":"page","link":"https:\/\/alexissanchez.net\/en\/politica-de-privacidad\/","title":{"rendered":"Pol\u00edtica de privacidad"},"content":{"rendered":"<div data-elementor-type=\"wp-page\" data-elementor-id=\"29973\" class=\"elementor elementor-29973\">\n\t\t\t\t\t\t<section class=\"elementor-section elementor-top-section elementor-element elementor-element-2643a853 elementor-section-boxed elementor-section-height-default elementor-section-height-default sc_fly_static\" data-id=\"2643a853\" data-element_type=\"section\" data-e-type=\"section\">\n\t\t\t\t\t\t\t<div class=\"elementor-background-overlay\"><\/div>\n\t\t\t\t\t\t\t<div class=\"elementor-container elementor-column-gap-extended\">\n\t\t\t\t\t<div class=\"elementor-column elementor-col-100 elementor-top-column elementor-element elementor-element-192280bc sc_content_align_inherit sc_layouts_column_icons_position_left sc_fly_static\" data-id=\"192280bc\" data-element_type=\"column\" data-e-type=\"column\">\n\t\t\t<div class=\"elementor-widget-wrap elementor-element-populated\">\n\t\t\t\t\t\t<div class=\"elementor-element elementor-element-6e34bac5 sc_height_huge sc_fly_static elementor-widget elementor-widget-spacer\" data-id=\"6e34bac5\" data-element_type=\"widget\" data-e-type=\"widget\" data-widget_type=\"spacer.default\">\n\t\t\t\t<div class=\"elementor-widget-container\">\n\t\t\t\t\t\t\t<div class=\"elementor-spacer\">\n\t\t\t<div class=\"elementor-spacer-inner\"><\/div>\n\t\t<\/div>\n\t\t\t\t\t\t<\/div>\n\t\t\t\t<\/div>\n\t\t\t\t<div class=\"elementor-element elementor-element-aa7daac sc_fly_static elementor-widget elementor-widget-spacer\" data-id=\"aa7daac\" data-element_type=\"widget\" data-e-type=\"widget\" data-widget_type=\"spacer.default\">\n\t\t\t\t<div class=\"elementor-widget-container\">\n\t\t\t\t\t\t\t<div class=\"elementor-spacer\">\n\t\t\t<div class=\"elementor-spacer-inner\"><\/div>\n\t\t<\/div>\n\t\t\t\t\t\t<\/div>\n\t\t\t\t<\/div>\n\t\t\t\t<section class=\"elementor-section elementor-inner-section elementor-element elementor-element-7ab59bee elementor-section-boxed elementor-section-height-default elementor-section-height-default sc_fly_static\" data-id=\"7ab59bee\" data-element_type=\"section\" data-e-type=\"section\">\n\t\t\t\t\t\t<div class=\"elementor-container elementor-column-gap-no\">\n\t\t\t\t\t<div class=\"elementor-column elementor-col-100 elementor-inner-column elementor-element elementor-element-1776514 sc_content_align_inherit sc_layouts_column_icons_position_left sc_fly_static\" data-id=\"1776514\" data-element_type=\"column\" data-e-type=\"column\">\n\t\t\t<div class=\"elementor-widget-wrap elementor-element-populated\">\n\t\t\t\t\t\t<div class=\"elementor-element elementor-element-3c162d68 sc_layouts_hide_on_mobile sc_fly_static elementor-widget elementor-widget-spacer\" data-id=\"3c162d68\" data-element_type=\"widget\" data-e-type=\"widget\" data-widget_type=\"spacer.default\">\n\t\t\t\t<div class=\"elementor-widget-container\">\n\t\t\t\t\t\t\t<div class=\"elementor-spacer\">\n\t\t\t<div class=\"elementor-spacer-inner\"><\/div>\n\t\t<\/div>\n\t\t\t\t\t\t<\/div>\n\t\t\t\t<\/div>\n\t\t\t\t\t<\/div>\n\t\t<\/div>\n\t\t\t\t\t<\/div>\n\t\t<\/section>\n\t\t\t\t<div class=\"elementor-element elementor-element-d3b5436 sc_fly_static elementor-widget elementor-widget-text-editor\" data-id=\"d3b5436\" data-element_type=\"widget\" data-e-type=\"widget\" data-widget_type=\"text-editor.default\">\n\t\t\t\t<div class=\"elementor-widget-container\">\n\t\t\t\t\t\t\t\t\t<p><strong>Datos Identificativos<\/strong><\/p><p>Alexis Alejandro S\u00e1nchez Ochoa, titular del dominio web <a href=\"https:\/\/alexissanchez.net\/en\/\" target=\"_new\" rel=\"noopener\">alexis.cartonlife.es<\/a>, con domicilio en <strong>Calle Avda. Imperio Argentina, 12, portal 9, 6A, 29004, M\u00e1laga<\/strong>, n\u00famero de <strong>DNI\/CIF: Y8341024L<\/strong> y correo electr\u00f3nico de contacto: <strong><a rel=\"noopener\">aasanchez@gmail.com<\/a><\/strong>.<\/p><p><strong>Protecci\u00f3n de Datos<\/strong><\/p><p>Alexis Alejandro S\u00e1nchez Ochoa, en cumplimiento de la Ley Org\u00e1nica 3\/2018, de 5 de diciembre, de Protecci\u00f3n de Datos Personales y garant\u00eda de los derechos digitales, y del RGPD, garantiza un uso y tratamiento adecuado de los datos personales de los usuarios de este sitio web.<\/p><p>Junto a cada formulario de recopilaci\u00f3n de datos personales, se informar\u00e1 de la finalidad del tratamiento, la responsabilidad del fichero, la direcci\u00f3n del responsable, la posibilidad de ejercer derechos de acceso, rectificaci\u00f3n, supresi\u00f3n y dem\u00e1s reconocidos por la normativa, as\u00ed como posibles comunicaciones de datos a terceros.<\/p><p><strong>Exactitud y Veracidad de los Datos Facilitados<\/strong><\/p><p>El usuario es el \u00fanico responsable de la veracidad y exactitud de los datos proporcionados, exonerando a <strong>Alexis Alejandro S\u00e1nchez Ochoa<\/strong> de cualquier responsabilidad al respecto.<\/p><p>Los usuarios garantizan y se comprometen a mantener actualizados los datos proporcionados, aceptando proporcionar informaci\u00f3n completa y correcta en los formularios del sitio web. <strong>Alexis Alejandro S\u00e1nchez Ochoa<\/strong> no se responsabiliza de la veracidad de informaciones externas ni de posibles perjuicios derivados del uso de dichas informaciones.<\/p><p><strong>Direcciones IP<\/strong><\/p><p>Los servidores del sitio web pueden detectar autom\u00e1ticamente la direcci\u00f3n IP y el nombre de dominio del usuario.<br \/>Esta informaci\u00f3n se registra en un fichero de actividad del servidor con fines estad\u00edsticos, como n\u00famero de visitas, orden de visitas y punto de acceso.<\/p><p><strong>Seguridad<\/strong><\/p><p>El sitio web utiliza t\u00e9cnicas de seguridad de la informaci\u00f3n reconocidas en la industria, como firewalls y cifrado, para proteger los datos frente a accesos no autorizados.<\/p><p>Toda transmisi\u00f3n de datos personales sensibles se realiza mediante protocolo seguro (https:\/\/), garantizando la confidencialidad durante el proceso de transmisi\u00f3n.<\/p><p><strong>Ejercicio de Derechos<\/strong><\/p><p>El usuario podr\u00e1 ejercer en cualquier momento sus derechos conforme a la normativa de protecci\u00f3n de datos, mediante comunicaci\u00f3n escrita dirigida a:<\/p><p><strong>Nombre completo:<\/strong> Alexis Alejandro S\u00e1nchez Ochoa<br \/><strong>Direcci\u00f3n:<\/strong> Calle Avda. Imperio Argentina, 12, portal 9, 6A, 29004, M\u00e1laga<br \/><strong>Correo electr\u00f3nico:<\/strong> <a rel=\"noopener\">aasanchez@gmail.com<\/a><\/p><p>El usuario debe adjuntar una copia de su DNI, pasaporte o documento similar.<\/p><p><strong>Derechos disponibles:<\/strong><\/p><ul><li><p><strong>Acceso:<\/strong> Conocer si se est\u00e1n tratando sus datos y obtener informaci\u00f3n al respecto.<\/p><\/li><li><p><strong>Supresi\u00f3n:<\/strong> Solicitar la eliminaci\u00f3n de sus datos personales.<\/p><\/li><li><p><strong>Rectificaci\u00f3n:<\/strong> Modificar datos inexactos, err\u00f3neos o incompletos.<\/p><\/li><li><p><strong>Portabilidad:<\/strong> Solicitar sus datos personales en un formato estructurado y de uso com\u00fan para transferirlos a otro responsable del tratamiento.<\/p><\/li><li><p><strong>Oposici\u00f3n:<\/strong> Negarse al tratamiento de sus datos cuando sea basado en intereses leg\u00edtimos.<\/p><\/li><li><p><strong>Limitaci\u00f3n del tratamiento:<\/strong> Solicitar que se restrinja el uso de sus datos en determinadas circunstancias.<\/p><\/li><\/ul><p>El usuario tambi\u00e9n puede utilizar modelos y formularios disponibles en el portal de la AEPD. Si no desea recibir comunicaciones comerciales, puede ejercer sus derechos de cancelaci\u00f3n y oposici\u00f3n a trav\u00e9s de los medios indicados.<\/p><p><strong>Actividad de Tratamiento y Finalidad<\/strong><\/p><p>Este sitio web recopila datos con el objetivo de prestar servicios de consultor\u00eda en desarrollo de software y tecnolog\u00edas de veh\u00edculos el\u00e9ctricos.<\/p><p><strong>Categor\u00edas de datos recopilados:<\/strong><\/p><ul><li><p>Datos identificativos (nombre, apellidos, email, tel\u00e9fono, etc.).<\/p><\/li><\/ul><p><strong>Cesi\u00f3n de datos:<\/strong><br \/>Los datos personales no ser\u00e1n compartidos con terceros, salvo en casos de obligaci\u00f3n legal o para la prestaci\u00f3n de un servicio mediante relaci\u00f3n contractual con proveedores encargados del tratamiento, garantizando siempre la confidencialidad y el cumplimiento normativo.<\/p><p><strong>Nota:<\/strong> Las im\u00e1genes personales, en caso de recogerse, est\u00e1n protegidas por normativa (Art\u00edculo 5.1 del Reglamento de desarrollo de la LOPD) y no pueden ser utilizadas sin consentimiento expl\u00edcito.<\/p><p><strong>Legislaci\u00f3n Aplicable<\/strong><\/p><p>La pol\u00edtica de privacidad de este sitio web se rige por:<\/p><ul><li><p><strong>Reglamento (UE) 2016\/679<\/strong> del Parlamento Europeo y del Consejo, relativo a la protecci\u00f3n de las personas f\u00edsicas en el tratamiento de datos personales.<\/p><\/li><li><p><strong>Ley Org\u00e1nica 3\/2018<\/strong>, de Protecci\u00f3n de Datos Personales y garant\u00eda de los derechos digitales.<\/p><\/li><\/ul>\t\t\t\t\t\t\t\t<\/div>\n\t\t\t\t<\/div>\n\t\t\t\t<div class=\"elementor-element elementor-element-650bb879 sc_height_huge sc_fly_static elementor-widget elementor-widget-spacer\" data-id=\"650bb879\" data-element_type=\"widget\" data-e-type=\"widget\" data-widget_type=\"spacer.default\">\n\t\t\t\t<div class=\"elementor-widget-container\">\n\t\t\t\t\t\t\t<div class=\"elementor-spacer\">\n\t\t\t<div class=\"elementor-spacer-inner\"><\/div>\n\t\t<\/div>\n\t\t\t\t\t\t<\/div>\n\t\t\t\t<\/div>\n\t\t\t\t<div class=\"elementor-element elementor-element-c2a4b1e sc_fly_static elementor-widget elementor-widget-spacer\" data-id=\"c2a4b1e\" data-element_type=\"widget\" data-e-type=\"widget\" data-widget_type=\"spacer.default\">\n\t\t\t\t<div class=\"elementor-widget-container\">\n\t\t\t\t\t\t\t<div class=\"elementor-spacer\">\n\t\t\t<div class=\"elementor-spacer-inner\"><\/div>\n\t\t<\/div>\n\t\t\t\t\t\t<\/div>\n\t\t\t\t<\/div>\n\t\t\t\t\t<\/div>\n\t\t<\/div>\n\t\t\t\t\t<\/div>\n\t\t<\/section>\n\t\t\t\t<\/div>","protected":false},"excerpt":{"rendered":"<p>Datos Identificativos Alexis Alejandro S\u00e1nchez Ochoa, titular del dominio web alexis.cartonlife.es, con domicilio en Calle Avda. Imperio Argentina, 12, portal 9, 6A, 29004, M\u00e1laga, n\u00famero de DNI\/CIF: Y8341024L y correo&hellip;<\/p>","protected":false},"author":1,"featured_media":0,"parent":0,"menu_order":0,"comment_status":"closed","ping_status":"closed","template":"","meta":{"footnotes":""},"class_list":["post-29973","page","type-page","status-publish","hentry"],"_links":{"self":[{"href":"https:\/\/alexissanchez.net\/en\/wp-json\/wp\/v2\/pages\/29973","targetHints":{"allow":["GET"]}}],"collection":[{"href":"https:\/\/alexissanchez.net\/en\/wp-json\/wp\/v2\/pages"}],"about":[{"href":"https:\/\/alexissanchez.net\/en\/wp-json\/wp\/v2\/types\/page"}],"author":[{"embeddable":true,"href":"https:\/\/alexissanchez.net\/en\/wp-json\/wp\/v2\/users\/1"}],"replies":[{"embeddable":true,"href":"https:\/\/alexissanchez.net\/en\/wp-json\/wp\/v2\/comments?post=29973"}],"version-history":[{"count":7,"href":"https:\/\/alexissanchez.net\/en\/wp-json\/wp\/v2\/pages\/29973\/revisions"}],"predecessor-version":[{"id":29993,"href":"https:\/\/alexissanchez.net\/en\/wp-json\/wp\/v2\/pages\/29973\/revisions\/29993"}],"wp:attachment":[{"href":"https:\/\/alexissanchez.net\/en\/wp-json\/wp\/v2\/media?parent=29973"}],"curies":[{"name":"wp","href":"https:\/\/api.w.org\/{rel}","templated":true}]}}